{"id":2,"date":"2024-09-23T13:39:55","date_gmt":"2024-09-23T13:39:55","guid":{"rendered":"https:\/\/1000formulare-nienburg.de\/?page_id=2"},"modified":"2024-09-23T14:05:16","modified_gmt":"2024-09-23T14:05:16","slug":"sample-page","status":"publish","type":"page","link":"https:\/\/1000formulare-nienburg.de\/?page_id=2","title":{"rendered":"1000 Jahre Nienburg"},"content":{"rendered":"\n<p>Im Jahr 2025 j\u00e4hrt sich zum tausendsten Male die erste urkundliche Erw\u00e4hnung der Stadt Nienburg. Ein solches Jubil\u00e4um will nat\u00fcrlich geh\u00f6rig vorbereitet sein, und so rief die Stadt Nienburg bereits 2022 mit einer Auftaktveranstaltung zur B\u00fcrger*innenbeteiligung auf. Voller Motivation nahm ich teil und besuchte auch \u00fcber ein Jahr lang die sich anschlie\u00dfenden Workshops der Arbeitsgruppe \u201eKunst, Kultur und Bildung\u201c. Eine mittlere zweistellige Zahl von Vorschl\u00e4gen wurde eingebracht. Und sie wurden daraufhin sorgf\u00e4ltig verwaltet und vor jeder Gefahr einer m\u00f6glichen Umsetzung bestens gesch\u00fctzt. Nach einem guten halben Jahr gab es endlich ein erstes Ergebnis: Das Formular \u201ePr\u00fcfungskriterien f\u00fcr Programmvorschl\u00e4ge\u201c. Daraufhin wurde gepr\u00fcft. Und evaluiert. Und gepr\u00fcft. Bei jeder weiteren Veranstaltung wurde im Monatstakt mitgeteilt, dass noch gepr\u00fcft werde. Ein gutes Jahr lang. Vor einem immer kleiner werdenden Teilnehmerkreis. Die eigentliche Auswahl gestaltete sich als geheime Kommandosache \u2013 welche Vorschl\u00e4ge es nun gab und welche dem geheimnisvollen entscheidungsbefugten Kuratorium vorgelegt wurden, hat der Arbeitskreis leider nie erfahren. Obwohl er eigentlich gerne gearbeitet h\u00e4tte. Ich frage mich bis heute, was diese Simulation von \u201eB\u00fcrger*innenbeteiligung\u201c eigentlich sollte. F\u00fcr die Vorbereitung und Erarbeitung gr\u00f6\u00dferer Projekte war es nach zwei Jahren jedenfalls zu sp\u00e4t.<\/p>\n\n\n\n<p>Nun gut, im September 2024 wurde dann bei einer weiteren Veranstaltung das geplante Programm f\u00fcr das Jubil\u00e4umsjahr vorgestellt. Bei dieser Veranstaltung fiel es mir wie Schuppen aus meinen nicht mehr vorhandenen Haaren. Eine Gro\u00dfleinwand im Theater zeigt die erste Folie einer Pr\u00e4sentation. Als zweite Folie pr\u00e4sentierte der Referent\u2026 Visionen? Gro\u00dfartige Ideen? Noch nie Dagewesenes? Sensationen? Spektakel? Hohe Kunst und Kultur?<\/p>\n\n\n\n<p>Nein. Er zeigt \u2013 Tusch, ta-taa\u2026 \u2013 ein <em>Formular<\/em>. 3 mal 4 Meter gro\u00df, ein Formular. Nach zwei Jahren h\u00e4rtester Arbeit und mehreren Hektolitern vergossenen Beamtenschwei\u00dfes steht am Ende \u2013 ein Formular.<\/p>\n\n\n\n<p>Man hat ein Formular entwickelt, in dem man seine Teilnahme am Festumzug anmelden kann. Das ist also der H\u00f6hepunkt einer \u00f6ffentlichen Pr\u00e4sentation. Ein Formular, stolz in \u00dcbergr\u00f6\u00dfe auf die Leinwand geworfen. Ganz gro\u00dfes Kino, dachte ich. Von den zahlreichen Vorschl\u00e4gen aus der B\u00fcrgerschaft fand sich hingegen nichts mehr wieder.<\/p>\n\n\n\n<p>Meine Gedanken waren zuerst sp\u00f6ttischer Natur, aber daf\u00fcr m\u00f6chte ich mich bei der Stadtverwaltung aufrichtig entschuldigen. Inzwischen habe ich das k\u00fcnstlerische Potential dahinter erkannt und m\u00f6chte nun alles tun, um mit einem spannenden Projekt zu einem erfolgreichen und verwaltungskompatiblen Jubil\u00e4umsjahr beitragen zu k\u00f6nnen.<\/p>\n","protected":false},"excerpt":{"rendered":"<p>Im Jahr 2025 j\u00e4hrt sich zum tausendsten Male die erste urkundliche Erw\u00e4hnung der Stadt Nienburg. Ein solches Jubil\u00e4um will nat\u00fcrlich geh\u00f6rig vorbereitet sein, und so rief die Stadt Nienburg bereits 2022 mit einer Auftaktveranstaltung zur B\u00fcrger*innenbeteiligung auf. Voller Motivation nahm ich teil und besuchte auch \u00fcber ein Jahr lang die sich anschlie\u00dfenden Workshops der Arbeitsgruppe [&hellip;]<\/p>\n","protected":false},"author":1,"featured_media":0,"parent":0,"menu_order":0,"comment_status":"closed","ping_status":"open","template":"","meta":{"footnotes":""},"class_list":["post-2","page","type-page","status-publish","hentry"],"_links":{"self":[{"href":"https:\/\/1000formulare-nienburg.de\/index.php?rest_route=\/wp\/v2\/pages\/2","targetHints":{"allow":["GET"]}}],"collection":[{"href":"https:\/\/1000formulare-nienburg.de\/index.php?rest_route=\/wp\/v2\/pages"}],"about":[{"href":"https:\/\/1000formulare-nienburg.de\/index.php?rest_route=\/wp\/v2\/types\/page"}],"author":[{"embeddable":true,"href":"https:\/\/1000formulare-nienburg.de\/index.php?rest_route=\/wp\/v2\/users\/1"}],"replies":[{"embeddable":true,"href":"https:\/\/1000formulare-nienburg.de\/index.php?rest_route=%2Fwp%2Fv2%2Fcomments&post=2"}],"version-history":[{"count":2,"href":"https:\/\/1000formulare-nienburg.de\/index.php?rest_route=\/wp\/v2\/pages\/2\/revisions"}],"predecessor-version":[{"id":18,"href":"https:\/\/1000formulare-nienburg.de\/index.php?rest_route=\/wp\/v2\/pages\/2\/revisions\/18"}],"wp:attachment":[{"href":"https:\/\/1000formulare-nienburg.de\/index.php?rest_route=%2Fwp%2Fv2%2Fmedia&parent=2"}],"curies":[{"name":"wp","href":"https:\/\/api.w.org\/{rel}","templated":true}]}}