{"id":37,"date":"2024-09-23T14:35:09","date_gmt":"2024-09-23T14:35:09","guid":{"rendered":"https:\/\/1000formulare-nienburg.de\/?page_id=37"},"modified":"2024-09-23T14:35:09","modified_gmt":"2024-09-23T14:35:09","slug":"mitwirkung-beantragen","status":"publish","type":"page","link":"https:\/\/1000formulare-nienburg.de\/?page_id=37","title":{"rendered":"Mitwirkung beantragen"},"content":{"rendered":"\n<p>Habe ich Ihr Interesse an der kreativen Arbeit mit Formularen geweckt?<\/p>\n\n\n\n<p>Dann d\u00fcrfen Sie gerne mitmachen. Selbstverst\u00e4ndlich muss dazu dieses Antragsformular ausgef\u00fcllt werden:<\/p>\n\n\n\n<div data-wp-interactive=\"core\/file\" class=\"wp-block-file\"><object data-wp-bind--hidden=\"!state.hasPdfPreview\" hidden class=\"wp-block-file__embed\" data=\"https:\/\/1000formulare-nienburg.de\/wp-content\/uploads\/2024\/09\/Antrag-auf-Mitwirkung-als-Formularentwickler.pdf\" type=\"application\/pdf\" style=\"width:100%;height:600px\" aria-label=\"Einbettung von Antrag auf Mitwirkung als Formularentwickler.\"><\/object><a id=\"wp-block-file--media-8354aca3-667b-4213-8781-92969bfaa242\" href=\"https:\/\/1000formulare-nienburg.de\/wp-content\/uploads\/2024\/09\/Antrag-auf-Mitwirkung-als-Formularentwickler.pdf\">Antrag auf Mitwirkung als Formularentwickler<\/a><a href=\"https:\/\/1000formulare-nienburg.de\/wp-content\/uploads\/2024\/09\/Antrag-auf-Mitwirkung-als-Formularentwickler.pdf\" class=\"wp-block-file__button wp-element-button\" download aria-describedby=\"wp-block-file--media-8354aca3-667b-4213-8781-92969bfaa242\">Herunterladen<\/a><\/div>\n","protected":false},"excerpt":{"rendered":"<p>Habe ich Ihr Interesse an der kreativen Arbeit mit Formularen geweckt? Dann d\u00fcrfen Sie gerne mitmachen. Selbstverst\u00e4ndlich muss dazu dieses Antragsformular ausgef\u00fcllt werden:<\/p>\n","protected":false},"author":1,"featured_media":0,"parent":0,"menu_order":0,"comment_status":"closed","ping_status":"closed","template":"","meta":{"footnotes":""},"class_list":["post-37","page","type-page","status-publish","hentry"],"_links":{"self":[{"href":"https:\/\/1000formulare-nienburg.de\/index.php?rest_route=\/wp\/v2\/pages\/37","targetHints":{"allow":["GET"]}}],"collection":[{"href":"https:\/\/1000formulare-nienburg.de\/index.php?rest_route=\/wp\/v2\/pages"}],"about":[{"href":"https:\/\/1000formulare-nienburg.de\/index.php?rest_route=\/wp\/v2\/types\/page"}],"author":[{"embeddable":true,"href":"https:\/\/1000formulare-nienburg.de\/index.php?rest_route=\/wp\/v2\/users\/1"}],"replies":[{"embeddable":true,"href":"https:\/\/1000formulare-nienburg.de\/index.php?rest_route=%2Fwp%2Fv2%2Fcomments&post=37"}],"version-history":[{"count":1,"href":"https:\/\/1000formulare-nienburg.de\/index.php?rest_route=\/wp\/v2\/pages\/37\/revisions"}],"predecessor-version":[{"id":39,"href":"https:\/\/1000formulare-nienburg.de\/index.php?rest_route=\/wp\/v2\/pages\/37\/revisions\/39"}],"wp:attachment":[{"href":"https:\/\/1000formulare-nienburg.de\/index.php?rest_route=%2Fwp%2Fv2%2Fmedia&parent=37"}],"curies":[{"name":"wp","href":"https:\/\/api.w.org\/{rel}","templated":true}]}}